{"id":6,"date":"2015-06-03T07:06:45","date_gmt":"2015-06-03T07:06:45","guid":{"rendered":"http:\/\/healthcoach.stylemixthemes.com\/demo\/?page_id=6"},"modified":"2024-09-13T14:34:56","modified_gmt":"2024-09-13T14:34:56","slug":"sobre-nos","status":"publish","type":"page","link":"https:\/\/sintoniaqv.com.br\/site\/sobre-nos\/","title":{"rendered":"Sobre n\u00f3s"},"content":{"rendered":"<p>[vc_row icon_type=&#8221;linearicons&#8221; show_bump=&#8221;true&#8221; css=&#8221;.vc_custom_1726085641880{margin-bottom: 0px !important;padding-top: 86px !important;}&#8221; bump_offset=&#8221;-42px&#8221; bump_color=&#8221;#ffffff&#8221; icon_linearicons=&#8221;lnr lnr-diamond&#8221; icon_spacing=&#8221;28px&#8221; icon_size=&#8221;40px&#8221;][vc_column width=&#8221;1\/4&#8243;][vc_single_image image=&#8221;1992&#8243; img_size=&#8221;full&#8221; css_animation=&#8221;left-to-right&#8221;][\/vc_column][vc_column width=&#8221;3\/4&#8243;][vc_column_text]<strong>Solu\u00e7\u00f5es com Gest\u00e3o de indicadores<\/strong> para seu Programa ? Este \u00e9 o nosso diferencial. <strong>Premiados<\/strong> de forma coadjuvante no Pr\u00eamio Nacional de Qualidade de Vida por mais de uma vez, e posteriormente, nossa diretora atuou como membro da comiss\u00e3o avaliadora deste pr\u00eamio, tendo uma <strong>ampla viv\u00eancia nas melhores pr\u00e1ticas do mercado<\/strong>.<\/p>\n<p>Que tal a experi\u00eancia de duas d\u00e9cadas para oferecer o melhor para sua empresa ? <strong>Sa\u00fade f\u00edsica e Emocional (gin\u00e1stica laboral, atendimento nutricional), Gest\u00e3o de Dados Bioestat\u00edsticos (Check Up, Mapeamentos de Sa\u00fade), Eventos (SIPAT, Feira de Sa\u00fade), Comunica\u00e7\u00e3o em Sa\u00fade<\/strong>; a melhor e mais completa Consultoria de Qualidade de Vida, muito prazer, somos a Sintonia Qualidade de Vida.<\/p>\n<p>A Sintonia \u00e9 uma Consultoria, que tem a empatia de entender exatamente o que o cliente necessita atrav\u00e9s do desenvolvimento de solu\u00e7\u00f5es customizadas com as expectativas e necessidades de cada empresa.[\/vc_column_text][\/vc_column][\/vc_row][vc_row css=&#8221;.vc_custom_1726086866691{margin-bottom: 80px !important;}&#8221;][vc_column][vc_column_text]Temos como diferencial uma metodologia pr\u00f3pria de gest\u00e3o por indicadores de acordo com cada uma de nossas solu\u00e7\u00f5es. Atrav\u00e9s de mensura\u00e7\u00e3o de resultados e relat\u00f3rios de gest\u00e3o \u00e9 poss\u00edvel monitorar os resultados e desempenho das atividades. Estes relat\u00f3rios s\u00e3o disponibilizados em nosso sistema pr\u00f3prio para acesso 24 horas por dia.<\/p>\n<p>Somos especialistas: voc\u00ea contrata a solu\u00e7\u00e3o, n\u00f3s lhe oferecemos a gest\u00e3o dessa solu\u00e7\u00e3o. Gest\u00e3o e sustentabilidade na execu\u00e7\u00e3o e manuten\u00e7\u00e3o das solu\u00e7\u00f5es em sa\u00fade e qualidade de vida. Nossa equipe \u00e9 formada por dezenas de profissionais especialistas em suas \u00e1reas de atua\u00e7\u00e3o, afim de desenvolver com excel\u00eancia as solu\u00e7\u00f5es que sua empresa necessita.<\/p>\n<p>Sua empresa est\u00e1 a frente do seu tempo contando com fornecedores <strong>Certificados em Diversidade e Compras Inclusivas<\/strong>? Sim, a Sintonia \u00e9. Somos fundados e liderados por uma mulher, fomentando o empreendedorismo feminino h\u00e1 duas d\u00e9cadas. S\u00f3 precisamos que voc\u00ea nos d\u00ea a oportunidade de mostrar como somos especializados em fazer a diferen\u00e7a : )[\/vc_column_text][\/vc_column][\/vc_row][vc_row full_width=&#8221;stretch_row&#8221; bump_position=&#8221;bottom&#8221; show_bump=&#8221;true&#8221; css=&#8221;.vc_custom_1466949600412{margin-top: 0px !important;margin-bottom: -20px !important;padding-top: 30px !important;padding-bottom: 20px !important;background-color: #e3f5f0 !important;}&#8221; bump_color=&#8221;#e3f5f0&#8243;][vc_column width=&#8221;1\/3&#8243;][vc_custom_heading text=&#8221;Nossa miss\u00e3o&#8221; font_container=&#8221;tag:h3|text_align:center&#8221; use_theme_fonts=&#8221;yes&#8221; css=&#8221;.vc_custom_1464633461423{margin-bottom: 20px !important;}&#8221; icon_hc=&#8221;hc-icon-shield&#8221; icon_color=&#8221;#3669ba&#8221; icon_size=&#8221;22px&#8221;][vc_column_text css=&#8221;.vc_custom_1461958877266{margin-bottom: 30px !important;}&#8221;]<\/p>\n<p style=\"text-align: center;\"><span style=\"color: #444444;\">Desenvolver solu\u00e7\u00f5es integradas em sa\u00fade e qualidade de vida, proporcionando um ambiente saud\u00e1vel para o desenvolvimento de pessoas e organiza\u00e7\u00f5es.<\/span><\/p>\n<p>[\/vc_column_text][\/vc_column][vc_column width=&#8221;1\/3&#8243;][vc_custom_heading text=&#8221;Nossa vis\u00e3o&#8221; font_container=&#8221;tag:h3|text_align:center&#8221; use_theme_fonts=&#8221;yes&#8221; icon_type=&#8221;fontawesome&#8221; css=&#8221;.vc_custom_1464633476366{margin-bottom: 20px !important;}&#8221; icon_fontawesome=&#8221;fa fa-eye&#8221; icon_color=&#8221;#3669ba&#8221; icon_size=&#8221;22px&#8221;][vc_column_text css=&#8221;.vc_custom_1461959000187{margin-bottom: 30px !important;}&#8221;]<\/p>\n<p style=\"text-align: center;\"><span style=\"color: #444444;\">Consolidar-se como refer\u00eancia no segmento de solu\u00e7\u00f5es integradas em sa\u00fade e qualidade de vida, atrav\u00e9s da excel\u00eancia nas rela\u00e7\u00f5es com nossos clientes e colaboradores.<\/span><\/p>\n<p>[\/vc_column_text][\/vc_column][vc_column width=&#8221;1\/3&#8243;][vc_custom_heading text=&#8221;Nossos valores&#8221; font_container=&#8221;tag:h3|text_align:center&#8221; use_theme_fonts=&#8221;yes&#8221; icon_type=&#8221;fontawesome&#8221; css=&#8221;.vc_custom_1464633488458{margin-bottom: 20px !important;}&#8221; icon_fontawesome=&#8221;fa fa-anchor&#8221; icon_color=&#8221;#3669ba&#8221; icon_size=&#8221;22px&#8221;][vc_column_text css=&#8221;.vc_custom_1461964681387{margin-bottom: 30px !important;}&#8221;]<\/p>\n<p style=\"text-align: center;\"><span style=\"color: #444444;\">Inova\u00e7\u00e3o em\u00a0solu\u00e7\u00f5es de sa\u00fade integrada;<br \/>\n\u00c9tica nos neg\u00f3cios;<br \/>\nIntegridade na conduta;<br \/>\nExcel\u00eancia com simplicidade.<\/span><\/p>\n<p>[\/vc_column_text][\/vc_column][\/vc_row][vc_row full_width=&#8221;stretch_row&#8221; parallax=&#8221;content-moving-fade&#8221; parallax_image=&#8221;1968&#8243; css=&#8221;.vc_custom_1464463282162{margin-bottom: 0px !important;padding-top: 68px !important;padding-bottom: 30px !important;}&#8221; el_class=&#8221;stm_fixed_background&#8221;][vc_column][vc_custom_heading text=&#8221;Somos especialistas&#8221; font_container=&#8221;tag:h3|text_align:center|color:%23ffffff&#8221; use_theme_fonts=&#8221;yes&#8221; sep_position=&#8221;bottom&#8221; css=&#8221;.vc_custom_1461960250303{margin-bottom: 27px !important;}&#8221; icon_hc=&#8221;hc-icon-smile&#8221; icon_size=&#8221;17px&#8221; sep_spacing_top=&#8221;14px&#8221;][vc_row_inner][vc_column_inner width=&#8221;1\/4&#8243;][stm_stats desc=&#8221;20 anos de experi\u00eancia na \u00e1rea de sa\u00fade integrada e qualidade de vida&#8221; value=&#8221;20&#8243; value_container_height=&#8221;133px&#8221; css_value_container=&#8221;.vc_custom_1437057631951{margin-bottom: 27px !important;border-top-width: 3px !important;border-right-width: 3px !important;border-bottom-width: 3px !important;border-left-width: 3px !important;border-left-color: #ffffff !important;border-left-style: solid !important;border-right-color: #ffffff !important;border-right-style: solid !important;border-top-color: #ffffff !important;border-top-style: solid !important;border-bottom-color: #ffffff !important;border-bottom-style: solid !important;}&#8221; value_container_width=&#8221;133px&#8221; css=&#8221;.vc_custom_1726085155113{margin-bottom: 30px !important;}&#8221;][\/vc_column_inner][vc_column_inner width=&#8221;1\/4&#8243;][stm_stats value_container_width=&#8221;133px&#8221; value_container_height=&#8221;133px&#8221; desc=&#8221;Mais de 50 mil pessoas atendidas ao longo desses anos&#8221; value=&#8221;50&#8243; css_value_container=&#8221;.vc_custom_1437057647767{margin-bottom: 27px !important;border-top-width: 3px !important;border-right-width: 3px !important;border-bottom-width: 3px !important;border-left-width: 3px !important;border-left-color: #ffffff !important;border-left-style: solid !important;border-right-color: #ffffff !important;border-right-style: solid !important;border-top-color: #ffffff !important;border-top-style: solid !important;border-bottom-color: #ffffff !important;border-bottom-style: solid !important;}&#8221; css=&#8221;.vc_custom_1726085163556{margin-bottom: 30px !important;}&#8221;][\/vc_column_inner][vc_column_inner width=&#8221;1\/4&#8243;][stm_stats value_container_width=&#8221;133px&#8221; value_container_height=&#8221;133px&#8221; desc=&#8221;Mais de 250 empresas assessoradas&#8221; value=&#8221;250&#8243; css_value_container=&#8221;.vc_custom_1437057668722{margin-bottom: 27px !important;border-top-width: 3px !important;border-right-width: 3px !important;border-bottom-width: 3px !important;border-left-width: 3px !important;border-left-color: #ffffff !important;border-left-style: solid !important;border-right-color: #ffffff !important;border-right-style: solid !important;border-top-color: #ffffff !important;border-top-style: solid !important;border-bottom-color: #ffffff !important;border-bottom-style: solid !important;}&#8221; css=&#8221;.vc_custom_1726085171524{margin-bottom: 30px !important;}&#8221;][\/vc_column_inner][vc_column_inner width=&#8221;1\/4&#8243;][stm_stats value_container_width=&#8221;133px&#8221; value_container_height=&#8221;133px&#8221; desc=&#8221;Sistema de gest\u00e3o de resultados e indicadores com metodologia pr\u00f3pria para monitoramento 24 horas\/dia&#8221; value=&#8221;24&#8243; css_value_container=&#8221;.vc_custom_1437057676620{margin-bottom: 27px !important;border-top-width: 3px !important;border-right-width: 3px !important;border-bottom-width: 3px !important;border-left-width: 3px !important;border-left-color: #ffffff !important;border-left-style: solid !important;border-right-color: #ffffff !important;border-right-style: solid !important;border-top-color: #ffffff !important;border-top-style: solid !important;border-bottom-color: #ffffff !important;border-bottom-style: solid !important;}&#8221; css=&#8221;.vc_custom_1463406539131{margin-bottom: 30px !important;}&#8221;][\/vc_column_inner][\/vc_row_inner][\/vc_column][\/vc_row][vc_row full_width=&#8221;stretch_row&#8221; show_bump=&#8221;true&#8221; css=&#8221;.vc_custom_1466949704947{margin-bottom: 0px !important;padding-top: 30px !important;padding-bottom: 20px !important;background-position: center !important;background-repeat: no-repeat !important;background-size: cover !important;}&#8221;][vc_column width=&#8221;1\/2&#8243;][vc_custom_heading text=&#8221;Formas de atua\u00e7\u00e3o&#8221; font_container=&#8221;tag:h3|text_align:left|color:%23333333&#8243; use_theme_fonts=&#8221;yes&#8221; css=&#8221;.vc_custom_1466948729005{margin-bottom: 11px !important;padding-top: 50px !important;}&#8221; sep_spacing_bot=&#8221;14px&#8221;][vc_column_text css=&#8221;.vc_custom_1466948819038{margin-bottom: 43px !important;}&#8221;]Nossa equipe \u00e9 formada por profissionais especialistas\u00a0em suas \u00e1reas de atua\u00e7\u00e3o, afim de desenvolver com excel\u00eancia\u00a0as solu\u00e7\u00f5es que sua empresa necessita.[\/vc_column_text][vc_btn title=&#8221;Vamos conversar?&#8221; style=&#8221;outline&#8221; shape=&#8221;round&#8221; color=&#8221;primary&#8221; align=&#8221;left&#8221; link=&#8221;url:mailto%3Acontato%40sintoniaqv.com.br||&#8221;][\/vc_column][vc_column width=&#8221;1\/2&#8243;][vc_single_image image=&#8221;2156&#8243; img_size=&#8221;full&#8221; alignment=&#8221;center&#8221; css_animation=&#8221;right-to-left&#8221;][\/vc_column][\/vc_row][vc_row full_width=&#8221;stretch_row&#8221; show_bump=&#8221;true&#8221; css=&#8221;.vc_custom_1466949625726{padding-top: 20px !important;padding-bottom: 30px !important;background-color: #e3f5f0 !important;}&#8221; bump_offset=&#8221;-24px&#8221; bump_color=&#8221;#e3f5f0&#8243;][vc_column][vc_custom_heading text=&#8221;Premia\u00e7\u00f5es&#8221; font_container=&#8221;tag:h2|text_align:center&#8221; use_theme_fonts=&#8221;yes&#8221; sep_position=&#8221;bottom&#8221; icon_hc=&#8221;hc-icon-smile&#8221; icon_size=&#8221;17px&#8221; sep_spacing_top=&#8221;14px&#8221; css=&#8221;.vc_custom_1466944805845{padding-bottom: 20px !important;}&#8221;][vc_column_text]Nossa Diretora Executiva atua como auditora membro da Comiss\u00e3o Avaliadora do Pr\u00eamio Nacional de Qualidade de Vida. Antes disso, temos orgulho de ter participado e contribu\u00eddo do processo de obten\u00e7\u00e3o do Pr\u00eamio Nacional de Qualidade de Vida de\u00a0dois clientes distintos. Em 2007 em\u00a0uma empresa multinacional do segmento farmac\u00eautico e, em 2010, para uma empresa multinacional do segmento de telecomunica\u00e7\u00f5es.[\/vc_column_text][stm_items_carousel category_slug=&#8221;certificates&#8221; count_posts=&#8221;9&#8243; css=&#8221;.vc_custom_1466945226133{padding-bottom: 30px !important;}&#8221;][\/vc_column][\/vc_row][vc_row show_bump=&#8221;true&#8221; bump_color=&#8221;#ffffff&#8221; css=&#8221;.vc_custom_1466945238009{padding-top: 20px !important;}&#8221; bump_offset=&#8221;-24px&#8221;][vc_column][vc_custom_heading text=&#8221;Diretoria Executiva&#8221; font_container=&#8221;tag:h2|text_align:center&#8221; use_theme_fonts=&#8221;yes&#8221; sep_position=&#8221;bottom&#8221; icon_hc=&#8221;hc-icon-smile&#8221; icon_size=&#8221;17px&#8221; sep_spacing_top=&#8221;14px&#8221; css=&#8221;.vc_custom_1464632254394{margin-top: 0px !important;margin-bottom: 15px !important;}&#8221;][vc_column_text]<\/p>\n<h5 style=\"text-align: center;\">Alexsandra Gagliardi<\/h5>\n<p>[\/vc_column_text][\/vc_column][\/vc_row][vc_row show_bump=&#8221;true&#8221; css=&#8221;.vc_custom_1466946043177{margin-top: 20px !important;padding-bottom: 65px !important;}&#8221;][vc_column width=&#8221;1\/4&#8243;][vc_single_image image=&#8221;2113&#8243; img_size=&#8221;full&#8221; alignment=&#8221;center&#8221; css_animation=&#8221;left-to-right&#8221;][\/vc_column][vc_column width=&#8221;3\/4&#8243;][vc_column_text]<\/p>\n<ul>\n<li>Diretora executiva-fundadora da Sintonia \u2013 Solu\u00e7\u00f5es em Qualidade de Vida, Eventos e Treinamento Corporativo<\/li>\n<li>M\u00e3e da Cora, Esposa do Alex, Viajante Apaixonada por Ecoturismo e Esportista de Carteirinha, praticante artes marciais, yoga, pilates<\/li>\n<li>Auditora Membro da Comiss\u00e3o Avaliadora do Premio Nacional de Qualidade de Vida<\/li>\n<li>Mentora em Empreendedorismo Feminino, fomentando as compras inclusivas e sustent\u00e1veis<\/li>\n<li>Consultora Especialista Convidada do SESI NACIONAL\/SENAI na tem\u00e1tica de Qualidade de Vida Empresarial<\/li>\n<li>Especialista em Qualidade de Vida &amp; Eventos Corporativos<\/li>\n<li>Especialista em Gest\u00e3o Empresarial<\/li>\n<li>Consultora e Palestrante Empresarial em empresas como Petrobr\u00e1s, Bradesco, Roche Farmac\u00eautica, Boehringer Ingelheim, Solutia, Volkswagen, Bradesco, Telef\u00f4nica\/VIVO, DSM entre outras.<\/li>\n<li>MBA em Gest\u00e3o Estrat\u00e9gica de Neg\u00f3cios (FIA USP)<br \/>\nCertifica\u00e7\u00e3o em Gest\u00e3o de Qualidade de Vida no Trabalho Avan\u00e7ada \u2013 Diagn\u00f3stico, Ferramentas, Conceitos e Fundamentos para Implanta\u00e7\u00e3o de A\u00e7\u00f5es e Programas de Qualidade de Vida no Trabalho ( Funda\u00e7\u00e3o Instituto de Administra\u00e7\u00e3o da Universidade de S\u00e3o Paulo \u2013 FIA-USP)<\/li>\n<li>Certifica\u00e7\u00e3o em Bem Estar e Qualidade de Vida ( Coordenadoria Geral de Extens\u00e3o e Especializa\u00e7\u00e3o da Pontif\u00edcia Universidade Cat\u00f3lica de S\u00e3o Paulo \u2013 COGEAE \u2013 PUC SP)<\/li>\n<li>Certifica\u00e7\u00e3o Internacional em Coaching em Bem Estar pela Associa\u00e7\u00e3o Brasileira de Qualidade de Vida<\/li>\n<li>Graduada em Educa\u00e7\u00e3o F\u00edsica, especialista em qualidade de vida no trabalho<\/li>\n<\/ul>\n<p>[\/vc_column_text][\/vc_column][\/vc_row][vc_row full_width=&#8221;stretch_row&#8221; show_bump=&#8221;true&#8221; css=&#8221;.vc_custom_1466949625726{padding-top: 20px !important;padding-bottom: 30px !important;background-color: #e3f5f0 !important;}&#8221; bump_offset=&#8221;-24px&#8221; bump_color=&#8221;#e3f5f0&#8243;][vc_column][vc_custom_heading text=&#8221;Nossas Solu\u00e7\u00f5es&#8221; font_container=&#8221;tag:h2|text_align:center&#8221; use_theme_fonts=&#8221;yes&#8221; sep_position=&#8221;bottom&#8221; icon_hc=&#8221;hc-icon-smile&#8221; icon_size=&#8221;17px&#8221; sep_spacing_top=&#8221;14px&#8221; css=&#8221;.vc_custom_1726230903436{padding-bottom: 20px !important;}&#8221;][vc_column_text css=&#8221;.vc_custom_1726231711437{margin-bottom: 60px !important;}&#8221;]<\/p>\n<h4><strong>Sa\u00fade F\u00edsica &amp; Emocional<\/strong><\/h4>\n<p>Gin\u00e1stica laboral, Treinamento de Corrida e Caminhada, Yoga, Pilates, Academia Funcional, Mindfulness, Medita\u00e7\u00e3o, Academia na Empresa, Academia Express , Dan\u00e7as, Ritmos e demais modalidades esportivas; Fisioterapia In Company, Atendimento Nutricional (presencial e\/o a dist\u00e2ncia), Massagens e Terapias Alternativas, Solu\u00e7\u00f5es em Sa\u00fade Mental &amp; Emocional (Presencial e\/ou a dist\u00e2ncia)<\/p>\n<h4><strong>Gest\u00e3o Estrat\u00e9gica em Qualidade de Vida no Trabalho<\/strong><\/h4>\n<p>Consultoria Estrat\u00e9gica em Dados e Gest\u00e3o de Sa\u00fade, Mapeamento em Sa\u00fade e Bem Estar &#8211; Indicadores Bioestat\u00edsticos Individuais e Organizacionais; Question\u00e1rios Eletr\u00f4nicos.<\/p>\n<h4><strong>Eventos em Sa\u00fade<\/strong><\/h4>\n<p>Check Up na Empresa, Feira de Sa\u00fade, SIPAT, Blitz de Sa\u00fade, Stand Up, Open House (Visita de filhos a empresa), Eventos Esportivos, Recreativos e Cooperativos, Caminhadas e Passeios, Eventos Tem\u00e1ticos em Sa\u00fade, Revista Eletr\u00f4nica em Sa\u00fade, Gamification, Vacina\u00e7\u00e3o na Empresa, Palestras, Cursos e Workshops Presenciais e\/ou a Dist\u00e2ncia em todas as tem\u00e1ticas de Qualidade de Vida.<\/p>\n<h4><strong>Comunica\u00e7\u00e3o em Sa\u00fade e Qualidade de Vida no Trabalho<\/strong><\/h4>\n<p>Comunica\u00e7\u00e3o e Marketing: Elabora\u00e7\u00e3o de campanhas e materiais tem\u00e1ticos em sa\u00fade e bem estar, cria\u00e7\u00e3o de sites e aplicativos em sa\u00fade e bem estar .<\/p>\n<p>Te convidamos para um caf\u00e9 virtual, <a href=\"https:\/\/api.whatsapp.com\/send?phone=5511988363609\" target=\"_blank\" rel=\"noopener\">vamos conversar<\/a> ? Atendimento em todo Brasil.<\/p>\n<p><a href=\"mailto:contato@sintoniaqv.com.br\">Envie um email<\/a> se preferir ;)[\/vc_column_text][\/vc_column][\/vc_row][vc_row full_width=&#8221;stretch_row&#8221; parallax=&#8221;content-moving&#8221; parallax_image=&#8221;2193&#8243; show_bump=&#8221;true&#8221; css=&#8221;.vc_custom_1467663839015{padding-top: 50px !important;padding-bottom: 160px !important;}&#8221;][vc_column][vc_custom_heading text=&#8221;Fale conosco!&#8221; font_container=&#8221;tag:h3|text_align:center|color:%23ffffff&#8221; use_theme_fonts=&#8221;yes&#8221; icon_type=&#8221;fontawesome&#8221; sep_aligment=&#8221;center&#8221; icon_size=&#8221;29px&#8221; css=&#8221;.vc_custom_1466946704443{margin-bottom: 14px !important;}&#8221; link=&#8221;||&#8221; icon_color=&#8221;#ffffff&#8221; sep_spacing_bot=&#8221;3px&#8221; icon_fontawesome=&#8221;fa fa-paper-plane&#8221;][vc_column_text]<\/p>\n<p style=\"text-align: center;\"><span style=\"color: #ffffff;\">Solicite uma proposta customizada. Preencha os dados abaixo e nos envie uma mensagem.<\/span><\/p>\n<p>[\/vc_column_text][\/vc_column][\/vc_row][vc_row css=&#8221;.vc_custom_1440396168378{margin-bottom: 0px !important;}&#8221;][vc_column][stm_contact_form7 form_id=&#8221;5&#8243; css=&#8221;.vc_custom_1461961149072{margin-top: -143px !important;padding-top: 38px !important;padding-right: 30px !important;padding-left: 30px !important;background-color: #ffffff !important;}&#8221; container_border_radius=&#8221;9px;9px;0;0&#8243;][\/vc_column][\/vc_row]<\/p>\n","protected":false},"excerpt":{"rendered":"<p>[vc_row icon_type=&#8221;linearicons&#8221; show_bump=&#8221;true&#8221; css=&#8221;.vc_custom_1726085641880{margin-bottom: 0px !important;padding-top: 86px !important;}&#8221; bump_offset=&#8221;-42px&#8221; bump_color=&#8221;#ffffff&#8221; icon_linearicons=&#8221;lnr lnr-diamond&#8221; icon_spacing=&#8221;28px&#8221; icon_size=&#8221;40px&#8221;][vc_column width=&#8221;1\/4&#8243;][vc_single_image&#8230;<\/p>\n","protected":false},"author":1,"featured_media":0,"parent":0,"menu_order":0,"comment_status":"closed","ping_status":"closed","template":"","meta":[],"_links":{"self":[{"href":"https:\/\/sintoniaqv.com.br\/site\/wp-json\/wp\/v2\/pages\/6"}],"collection":[{"href":"https:\/\/sintoniaqv.com.br\/site\/wp-json\/wp\/v2\/pages"}],"about":[{"href":"https:\/\/sintoniaqv.com.br\/site\/wp-json\/wp\/v2\/types\/page"}],"author":[{"embeddable":true,"href":"https:\/\/sintoniaqv.com.br\/site\/wp-json\/wp\/v2\/users\/1"}],"replies":[{"embeddable":true,"href":"https:\/\/sintoniaqv.com.br\/site\/wp-json\/wp\/v2\/comments?post=6"}],"version-history":[{"count":172,"href":"https:\/\/sintoniaqv.com.br\/site\/wp-json\/wp\/v2\/pages\/6\/revisions"}],"predecessor-version":[{"id":2542,"href":"https:\/\/sintoniaqv.com.br\/site\/wp-json\/wp\/v2\/pages\/6\/revisions\/2542"}],"wp:attachment":[{"href":"https:\/\/sintoniaqv.com.br\/site\/wp-json\/wp\/v2\/media?parent=6"}],"curies":[{"name":"wp","href":"https:\/\/api.w.org\/{rel}","templated":true}]}}